{"id":197,"date":"2025-10-02T09:04:53","date_gmt":"2025-10-02T06:04:53","guid":{"rendered":"https:\/\/weego.events\/?page_id=197"},"modified":"2025-10-06T10:47:32","modified_gmt":"2025-10-06T07:47:32","slug":"uyelik-sozlesmesi","status":"publish","type":"page","link":"https:\/\/weego.events\/en\/uyelik-sozlesmesi\/","title":{"rendered":"\u00dcyelik S\u00f6zle\u015fmesi"},"content":{"rendered":"<style>.kb-row-layout-id197_1bdc47-5c > .kt-row-column-wrap{align-content:start;}:where(.kb-row-layout-id197_1bdc47-5c > .kt-row-column-wrap) > .wp-block-kadence-column{justify-content:start;}.kb-row-layout-id197_1bdc47-5c > .kt-row-column-wrap{column-gap:var(--global-kb-gap-md, 2rem);row-gap:var(--global-kb-gap-md, 2rem);max-width:var( --global-content-width, 1290px );padding-left:var(--global-content-edge-padding);padding-right:var(--global-content-edge-padding);padding-top:var(--global-kb-spacing-5xl, 10rem);padding-bottom:var(--global-kb-spacing-3xl, 6.5rem);grid-template-columns:minmax(0, 1fr);}.kb-row-layout-id197_1bdc47-5c{background-image:url('http:\/\/weego.events\/wp-content\/uploads\/2025\/09\/download.png');background-size:auto;background-position:50% 100%;background-attachment:scroll;background-repeat:no-repeat;}.kb-row-layout-id197_1bdc47-5c > .kt-row-layout-overlay{opacity:0.98;background-color:var(--global-palette1, #3182CE);background-image:url('http:\/\/weego.events\/wp-content\/uploads\/2025\/09\/download.png');background-size:cover;background-position:49% 100%;background-attachment:scroll;background-repeat:no-repeat;}@media all and (max-width: 1024px){.kb-row-layout-id197_1bdc47-5c > .kt-row-column-wrap{grid-template-columns:minmax(0, 1fr);}}@media all and (max-width: 767px){.kb-row-layout-id197_1bdc47-5c > .kt-row-column-wrap{grid-template-columns:minmax(0, 1fr);}}<\/style><div class=\"kb-row-layout-wrap kb-row-layout-id197_1bdc47-5c alignnone kt-row-has-bg wp-block-kadence-rowlayout\"><div class=\"kt-row-layout-overlay kt-row-overlay-normal\"><\/div><div class=\"kt-row-column-wrap kt-has-1-columns kt-row-layout-equal kt-tab-layout-inherit kt-mobile-layout-row kt-row-valign-top kb-theme-content-width\">\n<style>.kadence-column197_a2b4eb-fa > .kt-inside-inner-col,.kadence-column197_a2b4eb-fa > .kt-inside-inner-col:before{border-top-left-radius:0px;border-top-right-radius:0px;border-bottom-right-radius:0px;border-bottom-left-radius:0px;}.kadence-column197_a2b4eb-fa > .kt-inside-inner-col{column-gap:var(--global-kb-gap-sm, 1rem);}.kadence-column197_a2b4eb-fa > .kt-inside-inner-col{flex-direction:column;}.kadence-column197_a2b4eb-fa > .kt-inside-inner-col > .aligncenter{width:100%;}.kadence-column197_a2b4eb-fa > .kt-inside-inner-col:before{opacity:0.3;}.kadence-column197_a2b4eb-fa{position:relative;}@media all and (max-width: 1024px){.kadence-column197_a2b4eb-fa > .kt-inside-inner-col{flex-direction:column;justify-content:center;}}@media all and (max-width: 767px){.kadence-column197_a2b4eb-fa > .kt-inside-inner-col{flex-direction:column;justify-content:center;}}<\/style>\n<div class=\"wp-block-kadence-column kadence-column197_a2b4eb-fa\"><div class=\"kt-inside-inner-col\"><style>.wp-block-kadence-advancedheading.kt-adv-heading197_465f50-64, .wp-block-kadence-advancedheading.kt-adv-heading197_465f50-64[data-kb-block=\"kb-adv-heading197_465f50-64\"]{text-align:left;font-size:var(--global-kb-font-size-xl, 3rem);font-style:normal;}.wp-block-kadence-advancedheading.kt-adv-heading197_465f50-64 mark.kt-highlight, .wp-block-kadence-advancedheading.kt-adv-heading197_465f50-64[data-kb-block=\"kb-adv-heading197_465f50-64\"] mark.kt-highlight{font-style:normal;color:#f76a0c;-webkit-box-decoration-break:clone;box-decoration-break:clone;padding-top:0px;padding-right:0px;padding-bottom:0px;padding-left:0px;}.wp-block-kadence-advancedheading.kt-adv-heading197_465f50-64 img.kb-inline-image, .wp-block-kadence-advancedheading.kt-adv-heading197_465f50-64[data-kb-block=\"kb-adv-heading197_465f50-64\"] img.kb-inline-image{width:150px;vertical-align:baseline;}<\/style>\n<h1 class=\"kt-adv-heading197_465f50-64 wp-block-kadence-advancedheading has-theme-palette-9-color has-text-color\" data-kb-block=\"kb-adv-heading197_465f50-64\">\u00dcyelik S\u00f6zle\u015fmesi<\/h1>\n<\/div><\/div>\n\n<\/div><\/div>\n\n<style>.kb-row-layout-id197_85d650-b0 > .kt-row-column-wrap{align-content:start;}:where(.kb-row-layout-id197_85d650-b0 > .kt-row-column-wrap) > .wp-block-kadence-column{justify-content:start;}.kb-row-layout-id197_85d650-b0 > .kt-row-column-wrap{column-gap:var(--global-kb-gap-md, 2rem);row-gap:var(--global-kb-gap-md, 2rem);max-width:var( --global-content-width, 1290px );padding-left:var(--global-content-edge-padding);padding-right:var(--global-content-edge-padding);padding-top:var(--global-kb-spacing-sm, 1.5rem);padding-bottom:var(--global-kb-spacing-sm, 1.5rem);grid-template-columns:minmax(0, 1fr);}.kb-row-layout-id197_85d650-b0 > .kt-row-layout-overlay{opacity:0.30;}@media all and (max-width: 1024px){.kb-row-layout-id197_85d650-b0 > .kt-row-column-wrap{grid-template-columns:minmax(0, 1fr);}}@media all and (max-width: 767px){.kb-row-layout-id197_85d650-b0 > .kt-row-column-wrap{grid-template-columns:minmax(0, 1fr);}}<\/style><div class=\"kb-row-layout-wrap kb-row-layout-id197_85d650-b0 alignnone wp-block-kadence-rowlayout\"><div class=\"kt-row-column-wrap kt-has-1-columns kt-row-layout-equal kt-tab-layout-inherit kt-mobile-layout-row kt-row-valign-top kb-theme-content-width\">\n<style>.kadence-column197_11f9e8-44 > .kt-inside-inner-col,.kadence-column197_11f9e8-44 > .kt-inside-inner-col:before{border-top-left-radius:0px;border-top-right-radius:0px;border-bottom-right-radius:0px;border-bottom-left-radius:0px;}.kadence-column197_11f9e8-44 > .kt-inside-inner-col{column-gap:var(--global-kb-gap-sm, 1rem);}.kadence-column197_11f9e8-44 > .kt-inside-inner-col{flex-direction:column;}.kadence-column197_11f9e8-44 > .kt-inside-inner-col > .aligncenter{width:100%;}.kadence-column197_11f9e8-44 > .kt-inside-inner-col:before{opacity:0.3;}.kadence-column197_11f9e8-44{position:relative;}@media all and (max-width: 1024px){.kadence-column197_11f9e8-44 > .kt-inside-inner-col{flex-direction:column;justify-content:center;}}@media all and (max-width: 767px){.kadence-column197_11f9e8-44 > .kt-inside-inner-col{flex-direction:column;justify-content:center;}}<\/style>\n<div class=\"wp-block-kadence-column kadence-column197_11f9e8-44\"><div class=\"kt-inside-inner-col\"><style>.wp-block-kadence-advancedheading.kt-adv-heading197_0df42b-3b, .wp-block-kadence-advancedheading.kt-adv-heading197_0df42b-3b[data-kb-block=\"kb-adv-heading197_0df42b-3b\"]{font-style:normal;}.wp-block-kadence-advancedheading.kt-adv-heading197_0df42b-3b mark.kt-highlight, .wp-block-kadence-advancedheading.kt-adv-heading197_0df42b-3b[data-kb-block=\"kb-adv-heading197_0df42b-3b\"] mark.kt-highlight{font-style:normal;color:#f76a0c;-webkit-box-decoration-break:clone;box-decoration-break:clone;padding-top:0px;padding-right:0px;padding-bottom:0px;padding-left:0px;}.wp-block-kadence-advancedheading.kt-adv-heading197_0df42b-3b img.kb-inline-image, .wp-block-kadence-advancedheading.kt-adv-heading197_0df42b-3b[data-kb-block=\"kb-adv-heading197_0df42b-3b\"] img.kb-inline-image{width:150px;vertical-align:baseline;}<\/style>\n<p class=\"kt-adv-heading197_0df42b-3b wp-block-kadence-advancedheading\" data-kb-block=\"kb-adv-heading197_0df42b-3b\"><strong>1. TARAFLAR ve KONU<\/strong><br>\u0130\u015fbu \u00dcyelik S\u00f6zle\u015fmesi (\u201cS\u00f6zle\u015fme\u201d); <strong>{Tabu \u0130stanbul Reklam Tan\u0131t\u0131m ve Turizm Organizasyon LTD. \u015eT\u0130.}<\/strong> (\u201cPlatform\u201d) ile Websitesi veya Mobil Uygulama \u00fczerinden \u00fcye olan ger\u00e7ek ki\u015fi (\u201c\u00dcye\u201d) aras\u0131nda, Platform taraf\u0131ndan sunulan hizmetlerden yararlan\u0131lmas\u0131na ili\u015fkin \u015fart ve ko\u015fullar\u0131n belirlenmesi, bu do\u011frultuda taraflar\u0131n hak ve y\u00fck\u00fcml\u00fcl\u00fcklerinin d\u00fczenlenmesi amac\u0131yla akdedilmi\u015ftir.<br>\u00dcye, i\u015fbu S\u00f6zle\u015fme\u2019nin tamam\u0131n\u0131 okudu\u011funu, i\u00e7eri\u011fini b\u00fct\u00fcn\u00fcyle anlad\u0131\u011f\u0131n\u0131 ve t\u00fcm h\u00fck\u00fcmlerini onaylad\u0131\u011f\u0131n\u0131 kabul ve beyan eder.<br><br><strong>2. TANIMLAR<\/strong><br><strong>Hizmet\/Hizmetler:<\/strong> \u00dcyelerin i\u015fbu S\u00f6zle\u015fme kapsam\u0131nda tan\u0131ml\u0131 olan ve detaylar\u0131 Platform taraf\u0131ndan Websitesi ve\/veya Mobil Uygulama \u00fczerinde belirtilen i\u00e7erik hizmetleri ve sair uygulamalar.<br><strong>Mecra(lar):<\/strong> Hizmetlerin sunulaca\u011f\u0131 Websitesi, Mobil Uygulama ve benzeri dijital ortamlar.<br><strong>Kullan\u0131c\u0131(lar):<\/strong> Mecralar\u0131 ziyaret eden, ancak hen\u00fcz \u00fcyelik i\u015flemlerini tamamlamam\u0131\u015f ziyaret\u00e7iler.<br><strong>\u00dcye(ler):<\/strong> Mecralara eri\u015ferek hizmetlerden faydalanmak amac\u0131yla \u00fcyelik ba\u015fvurusu yapm\u0131\u015f, ba\u015fvurusu Platform taraf\u0131ndan onaylanm\u0131\u015f, 18 ya\u015f\u0131ndan b\u00fcy\u00fck ger\u00e7ek ki\u015filer.<br><strong>Websitesi:<\/strong> <a href=\"https:\/\/weego.events\">https:\/\/weego.events<\/a> alan ad\u0131 ve alt alan adlar\u0131ndan ula\u015f\u0131labilen Platform\u2019un hizmet sundu\u011fu internet sitesi.<br><strong>Mobil Uygulama:<\/strong> \u00dcyelerin hizmetlerden faydalanabilmesi i\u00e7in cep telefonlar\u0131na indirilen yaz\u0131l\u0131m.<br><strong>Etkinlik:<\/strong> Platform \u00fczerinden listelenen veya d\u00fczenlenen her t\u00fcrl\u00fc organizasyon (\u00f6r: konser, festival, workshop, davet vb.).<br><strong>\u00dcye Sayfas\u0131:<\/strong> \u00dcye\u2019nin kendisine \u00f6zel kullan\u0131c\u0131 ad\u0131 ve \u015fifresi ile eri\u015febildi\u011fi, hizmetlerden faydalanabilmesi i\u00e7in gerekli i\u015flemleri ger\u00e7ekle\u015ftirdi\u011fi ki\u015fisel alan.<br><br><strong>3. HAK VE Y\u00dcK\u00dcML\u00dcL\u00dcKLER<\/strong><br>\u00dcyelik ba\u015fvurusu s\u0131ras\u0131nda verilen bilgilerin do\u011fru ve g\u00fcncel olmas\u0131 gerekir. Yanl\u0131\u015f bilgi verilmesinden do\u011fan zararlardan \u00dcye sorumludur.<br>\u00dcye, hesab\u0131na ait kullan\u0131c\u0131 ad\u0131 ve \u015fifre g\u00fcvenli\u011fini sa\u011flamakla y\u00fck\u00fcml\u00fcd\u00fcr.<br>\u00dcye, Mecralar \u00fczerinden sundu\u011fu i\u00e7eriklerin hukuka uygun olmas\u0131ndan sorumludur.<br>Platform, hizmetlerden faydalanma \u015fartlar\u0131n\u0131 de\u011fi\u015ftirme, \u00fcyelikleri ask\u0131ya alma veya iptal etme hakk\u0131na sahiptir.<br>\u00dcyelik kapsam\u0131nda elde edilen veriler, KVKK ve Gizlilik Politikas\u0131\u2019na uygun olarak i\u015flenecektir.<br>Etkinliklere ili\u015fkin iptal, iade ve de\u011fi\u015fiklik ko\u015fullar\u0131 ilgili etkinlik kurallar\u0131 \u00e7er\u00e7evesinde belirlenir.<br><br><strong>4. F\u0130KR\u0130 M\u00dcLK\u0130YET HAKLARI<\/strong><br>Websitesi, Mobil Uygulama ve Mecralarda yer alan t\u00fcm i\u00e7erikler, yaz\u0131l\u0131m, tasar\u0131m, marka, logo, veri taban\u0131 ve benzeri fikri m\u00fclkiyet haklar\u0131 Platform\u2019a aittir. \u00dcyeler, bu i\u00e7erikleri izinsiz kopyalayamaz, \u00e7o\u011faltamaz, da\u011f\u0131tamaz.<br><br><strong>5. S\u00d6ZLE\u015eME DE\u011e\u0130\u015e\u0130KL\u0130KLER\u0130 ve FES\u0130H<\/strong><br>Platform, i\u015fbu S\u00f6zle\u015fme\u2019yi tek tarafl\u0131 olarak g\u00fcncelleyebilir. De\u011fi\u015fiklikler yay\u0131nland\u0131\u011f\u0131 tarihte y\u00fcr\u00fcrl\u00fc\u011fe girer. \u00dcye, \u00fcyeli\u011fini her zaman iptal edebilir.<br><br><strong>6. M\u00dcCB\u0130R SEBEPLER<\/strong><br>Do\u011fal afet, sava\u015f, yang\u0131n, deprem, internet kesintisi, siber sald\u0131r\u0131 gibi kontrol d\u0131\u015f\u0131 m\u00fccbir sebepler nedeniyle hizmetlerde aksama olmas\u0131 halinde Platform sorumluluk kabul etmez.<br><br><strong>7. UYGULANACAK HUKUK VE YETK\u0130<\/strong><br>\u0130\u015fbu S\u00f6zle\u015fme T\u00fcrk hukukuna tabidir. Uyu\u015fmazl\u0131klar\u0131n \u00e7\u00f6z\u00fcm\u00fcnde \u0130stanbul Merkez Mahkemeleri ve \u0130cra Daireleri yetkilidir.<br><br><strong>8. KAYITLARIN GE\u00c7ERL\u0130L\u0130\u011e\u0130<\/strong><br>\u00dcye, Platform\u2019un elektronik kay\u0131tlar\u0131n\u0131n, ticari defterlerinin ve sunucu kay\u0131tlar\u0131n\u0131n HMK 193 kapsam\u0131nda kesin delil te\u015fkil edece\u011fini kabul eder.<br><br><strong>9. B\u00dcT\u00dcNL\u00dcK<\/strong><br>S\u00f6zle\u015fme h\u00fck\u00fcmlerinden herhangi birinin ge\u00e7ersiz olmas\u0131 di\u011fer h\u00fck\u00fcmleri etkilemez.<br><br><strong>10. B\u0130LD\u0130R\u0130M<\/strong><br>\u00dcye ile kay\u0131t s\u0131ras\u0131nda beyan etti\u011fi e-posta ve\/veya cep telefonu \u00fczerinden ileti\u015fim kurulacakt\u0131r.<\/p>\n<\/div><\/div>\n\n<\/div><\/div>","protected":false},"excerpt":{"rendered":"<p>\u00dcyelik S\u00f6zle\u015fmesi 1. TARAFLAR ve KONU\u0130\u015fbu \u00dcyelik S\u00f6zle\u015fmesi (\u201cS\u00f6zle\u015fme\u201d); {Tabu \u0130stanbul Reklam Tan\u0131t\u0131m ve Turizm Organizasyon LTD. \u015eT\u0130.} (\u201cPlatform\u201d) ile Websitesi veya Mobil Uygulama \u00fczerinden \u00fcye olan ger\u00e7ek ki\u015fi (\u201c\u00dcye\u201d) aras\u0131nda, Platform taraf\u0131ndan sunulan hizmetlerden yararlan\u0131lmas\u0131na ili\u015fkin \u015fart ve ko\u015fullar\u0131n belirlenmesi, bu do\u011frultuda taraflar\u0131n hak ve y\u00fck\u00fcml\u00fcl\u00fcklerinin d\u00fczenlenmesi amac\u0131yla akdedilmi\u015ftir.\u00dcye, i\u015fbu S\u00f6zle\u015fme\u2019nin tamam\u0131n\u0131 okudu\u011funu, i\u00e7eri\u011fini&#8230;<\/p>","protected":false},"author":1,"featured_media":0,"parent":0,"menu_order":0,"comment_status":"closed","ping_status":"closed","template":"","meta":{"_kad_blocks_custom_css":"","_kad_blocks_head_custom_js":"","_kad_blocks_body_custom_js":"","_kad_blocks_footer_custom_js":"","_kad_post_transparent":"","_kad_post_title":"hide","_kad_post_layout":"fullwidth","_kad_post_sidebar_id":"","_kad_post_content_style":"unboxed","_kad_post_vertical_padding":"hide","_kad_post_feature":"hide","_kad_post_feature_position":"","_kad_post_header":false,"_kad_post_footer":false,"_kad_post_classname":"","footnotes":""},"class_list":["post-197","page","type-page","status-publish","hentry"],"taxonomy_info":[],"featured_image_src_large":false,"author_info":{"display_name":"netogulga","author_link":"https:\/\/weego.events\/en\/author\/netogulga\/"},"comment_info":0,"_links":{"self":[{"href":"https:\/\/weego.events\/en\/wp-json\/wp\/v2\/pages\/197","targetHints":{"allow":["GET"]}}],"collection":[{"href":"https:\/\/weego.events\/en\/wp-json\/wp\/v2\/pages"}],"about":[{"href":"https:\/\/weego.events\/en\/wp-json\/wp\/v2\/types\/page"}],"author":[{"embeddable":true,"href":"https:\/\/weego.events\/en\/wp-json\/wp\/v2\/users\/1"}],"replies":[{"embeddable":true,"href":"https:\/\/weego.events\/en\/wp-json\/wp\/v2\/comments?post=197"}],"version-history":[{"count":0,"href":"https:\/\/weego.events\/en\/wp-json\/wp\/v2\/pages\/197\/revisions"}],"wp:attachment":[{"href":"https:\/\/weego.events\/en\/wp-json\/wp\/v2\/media?parent=197"}],"curies":[{"name":"wp","href":"https:\/\/api.w.org\/{rel}","templated":true}]}}